{"id":289,"date":"2025-11-13T17:56:11","date_gmt":"2025-11-13T16:56:11","guid":{"rendered":"https:\/\/equitystory.ai\/shares-deep-dive\/"},"modified":"2026-01-16T15:58:14","modified_gmt":"2026-01-16T14:58:14","slug":"shares-deep-dive","status":"publish","type":"page","link":"https:\/\/equitystory.ai\/en\/shares-deep-dive\/","title":{"rendered":"Shares Deep Dive"},"content":{"rendered":"\t\t<div data-elementor-type=\"wp-page\" data-elementor-id=\"289\" class=\"elementor elementor-289 elementor-246\" data-elementor-post-type=\"page\">\n\t\t\t\t<div class=\"elementor-element elementor-element-bf41099 e-flex e-con-boxed e-con e-parent\" data-id=\"bf41099\" data-element_type=\"container\" data-e-type=\"container\" data-settings=\"{&quot;background_background&quot;:&quot;gradient&quot;}\">\n\t\t\t\t\t<div class=\"e-con-inner\">\n\t\t<div class=\"elementor-element elementor-element-997fa39 e-con-full e-flex e-con e-child\" data-id=\"997fa39\" data-element_type=\"container\" data-e-type=\"container\">\n\t\t\t\t<div class=\"elementor-element elementor-element-f4ed31a elementor-widget elementor-widget-image\" data-id=\"f4ed31a\" data-element_type=\"widget\" data-e-type=\"widget\" data-widget_type=\"image.default\">\n\t\t\t\t\t\t\t\t\t\t\t\t\t\t\t<img fetchpriority=\"high\" decoding=\"async\" width=\"500\" height=\"372\" src=\"https:\/\/equitystory.ai\/wp-content\/uploads\/2025\/11\/Andreas-Woelfl-frei.png\" class=\"attachment-medium_large size-medium_large wp-image-256\" alt=\"Andreas Woelfl\" srcset=\"https:\/\/equitystory.ai\/wp-content\/uploads\/2025\/11\/Andreas-Woelfl-frei.png 500w, https:\/\/equitystory.ai\/wp-content\/uploads\/2025\/11\/Andreas-Woelfl-frei-300x223.png 300w\" sizes=\"(max-width: 500px) 100vw, 500px\" \/>\t\t\t\t\t\t\t\t\t\t\t\t\t\t\t<\/div>\n\t\t\t\t<\/div>\n\t\t<div class=\"elementor-element elementor-element-c54a695 e-con-full e-flex e-con e-child\" data-id=\"c54a695\" data-element_type=\"container\" data-e-type=\"container\">\n\t\t\t\t<div class=\"elementor-element elementor-element-f7524d8 elementor-widget elementor-widget-heading\" data-id=\"f7524d8\" data-element_type=\"widget\" data-e-type=\"widget\" data-widget_type=\"heading.default\">\n\t\t\t\t\t<h2 class=\"elementor-heading-title elementor-size-default\">Andreas Woelfl \u2013 equitystory.ai<\/h2>\t\t\t\t<\/div>\n\t\t\t\t<div class=\"elementor-element elementor-element-ac60cf3 elementor-widget elementor-widget-heading\" data-id=\"ac60cf3\" data-element_type=\"widget\" data-e-type=\"widget\" data-widget_type=\"heading.default\">\n\t\t\t\t\t<h2 class=\"elementor-heading-title elementor-size-default\">Investment professional with more than 30 years of stock market experience regularly presents new stocks and exciting investments<\/h2>\t\t\t\t<\/div>\n\t\t\t\t<\/div>\n\t\t\t\t\t<\/div>\n\t\t\t\t<\/div>\n\t\t<div class=\"elementor-element elementor-element-e3a6e83 e-flex e-con-boxed e-con e-parent\" data-id=\"e3a6e83\" data-element_type=\"container\" data-e-type=\"container\">\n\t\t\t\t\t<div class=\"e-con-inner\">\n\t\t<div class=\"elementor-element elementor-element-b10d518 e-con-full e-flex e-con e-child\" data-id=\"b10d518\" data-element_type=\"container\" data-e-type=\"container\">\n\t\t\t\t<div class=\"elementor-element elementor-element-f2e643e elementor-widget elementor-widget-heading\" data-id=\"f2e643e\" data-element_type=\"widget\" data-e-type=\"widget\" data-widget_type=\"heading.default\">\n\t\t\t\t\t<h2 class=\"elementor-heading-title elementor-size-default\">Shares Deep Dive<\/h2>\t\t\t\t<\/div>\n\t\t\t\t<div class=\"elementor-element elementor-element-8f1c619 elementor-widget elementor-widget-heading\" data-id=\"8f1c619\" data-element_type=\"widget\" data-e-type=\"widget\" data-widget_type=\"heading.default\">\n\t\t\t\t\t<h3 class=\"elementor-heading-title elementor-size-default\">The detailed AI analysis for those thirsty for knowledge<\/h3>\t\t\t\t<\/div>\n\t\t\t\t<\/div>\n\t\t\t\t<div class=\"elementor-element elementor-element-ab104f9 elementor-widget elementor-widget-text-editor\" data-id=\"ab104f9\" data-element_type=\"widget\" data-e-type=\"widget\" data-widget_type=\"text-editor.default\">\n\t\t\t\t\t\t\t\t\t<p>The &#8220;Deep Dive&#8221; is intended for all those who don&#8217;t want to make do with the surface. Here I take much more time &#8211; together with my Alphabet AI. While the blog provides a quick impulse, here you will find a comprehensive investigation that goes into depth. I feed the AI with specific questions on strategy, market positioning and figures to paint a detailed picture. I originally developed this format in order to deepen my own understanding of companies and prepare well-founded investment decisions.    <\/p><p>Important to know: This analysis is not investment advice or a recommendation to buy. My aim is to present business models transparently and to encourage you to form your own opinion. See these deep dives as a high-quality source of information that invites you to delve deeper into the matter yourself.  <\/p>\t\t\t\t\t\t\t\t<\/div>\n\t\t\t\t<div class=\"elementor-element elementor-element-564249f elementor-widget elementor-widget-global elementor-global-538 elementor-global-513 elementor-widget-image\" data-id=\"564249f\" data-element_type=\"widget\" data-e-type=\"widget\" data-widget_type=\"image.default\">\n\t\t\t\t\t\t\t\t\t\t\t\t\t\t\t\t<a href=\"https:\/\/imaps-capital.com\/?utm_source=equitystory&#038;utm_medium=banner&#038;utm_campaign=partner_imaps&#038;utm_content=moderne_plattform_banner\" target=\"_blank\">\n\t\t\t\t\t\t\t<img decoding=\"async\" width=\"1200\" height=\"306\" src=\"https:\/\/equitystory.ai\/wp-content\/uploads\/2026\/01\/iMaps-Banner-lg-EN.jpg\" class=\"attachment-full size-full wp-image-535\" alt=\"iMaps: The modern platform for efficient, flexible and cost-effective AMC emissions.\" srcset=\"https:\/\/equitystory.ai\/wp-content\/uploads\/2026\/01\/iMaps-Banner-lg-EN.jpg 1200w, https:\/\/equitystory.ai\/wp-content\/uploads\/2026\/01\/iMaps-Banner-lg-EN-300x77.jpg 300w, https:\/\/equitystory.ai\/wp-content\/uploads\/2026\/01\/iMaps-Banner-lg-EN-1024x261.jpg 1024w, https:\/\/equitystory.ai\/wp-content\/uploads\/2026\/01\/iMaps-Banner-lg-EN-768x196.jpg 768w\" sizes=\"(max-width: 1200px) 100vw, 1200px\" \/>\t\t\t\t\t\t\t\t<\/a>\n\t\t\t\t\t\t\t\t\t\t\t\t\t\t\t<\/div>\n\t\t\t\t\t<\/div>\n\t\t\t\t<\/div>\n\t\t\t\t<\/div>\n\t\t","protected":false},"excerpt":{"rendered":"<p>&#8220;Aktien Deep Dive&#8221; is aimed at investors who are looking for in-depth company analyses. Together with AI, the business model, market position, strategy and key figures of individual shares are structured and critically analyzed. The format provides a reliable basis for investors to make decisions, but does not replace individual investment advice.  <\/p>\n","protected":false},"author":1,"featured_media":590,"parent":0,"menu_order":0,"comment_status":"closed","ping_status":"closed","template":"","meta":{"footnotes":""},"class_list":["post-289","page","type-page","status-publish","has-post-thumbnail","hentry"],"yoast_head":"<!-- This site is optimized with the Yoast SEO plugin v27.3 - https:\/\/yoast.com\/product\/yoast-seo-wordpress\/ -->\n<title>Shares Deep Dive - Detailed AI analyses for investors<\/title>\n<meta name=\"description\" content=\"In-depth stock analysis with AI-powered insights and in-depth company profiles for professional investors and financial experts.\" \/>\n<meta name=\"robots\" content=\"index, follow, max-snippet:-1, max-image-preview:large, max-video-preview:-1\" \/>\n<link rel=\"canonical\" href=\"https:\/\/equitystory.ai\/en\/shares-deep-dive\/\" \/>\n<meta property=\"og:locale\" content=\"en_US\" \/>\n<meta property=\"og:type\" content=\"article\" \/>\n<meta property=\"og:title\" content=\"Equities Deep Dive - AI analyses for professionals\" \/>\n<meta property=\"og:description\" content=\"Share analyses on business model, strategy and key figures\" \/>\n<meta property=\"og:url\" content=\"https:\/\/equitystory.ai\/en\/shares-deep-dive\/\" \/>\n<meta property=\"og:site_name\" content=\"Equity Story\" \/>\n<meta property=\"article:modified_time\" content=\"2026-01-16T14:58:14+00:00\" \/>\n<meta property=\"og:image\" content=\"https:\/\/equitystory.ai\/wp-content\/uploads\/2026\/01\/Deep-Dive-Featured-1024x576.jpg\" \/>\n<meta name=\"twitter:card\" content=\"summary_large_image\" \/>\n<meta name=\"twitter:label1\" content=\"Est. reading time\" \/>\n\t<meta name=\"twitter:data1\" content=\"1 minute\" \/>\n<script type=\"application\/ld+json\" class=\"yoast-schema-graph\">{\"@context\":\"https:\\\/\\\/schema.org\",\"@graph\":[{\"@type\":\"WebPage\",\"@id\":\"https:\\\/\\\/equitystory.ai\\\/en\\\/shares-deep-dive\\\/\",\"url\":\"https:\\\/\\\/equitystory.ai\\\/en\\\/shares-deep-dive\\\/\",\"name\":\"Shares Deep Dive - Detailed AI analyses for investors\",\"isPartOf\":{\"@id\":\"https:\\\/\\\/equitystory.ai\\\/en\\\/#website\"},\"primaryImageOfPage\":{\"@id\":\"https:\\\/\\\/equitystory.ai\\\/en\\\/shares-deep-dive\\\/#primaryimage\"},\"image\":{\"@id\":\"https:\\\/\\\/equitystory.ai\\\/en\\\/shares-deep-dive\\\/#primaryimage\"},\"thumbnailUrl\":\"https:\\\/\\\/equitystory.ai\\\/wp-content\\\/uploads\\\/2026\\\/01\\\/Deep-Dive-Featured.jpg\",\"datePublished\":\"2025-11-13T16:56:11+00:00\",\"dateModified\":\"2026-01-16T14:58:14+00:00\",\"description\":\"In-depth stock analysis with AI-powered insights and in-depth company profiles for professional investors and financial experts.\",\"breadcrumb\":{\"@id\":\"https:\\\/\\\/equitystory.ai\\\/en\\\/shares-deep-dive\\\/#breadcrumb\"},\"inLanguage\":\"en-US\",\"potentialAction\":[{\"@type\":\"ReadAction\",\"target\":[\"https:\\\/\\\/equitystory.ai\\\/en\\\/shares-deep-dive\\\/\"]}]},{\"@type\":\"ImageObject\",\"inLanguage\":\"en-US\",\"@id\":\"https:\\\/\\\/equitystory.ai\\\/en\\\/shares-deep-dive\\\/#primaryimage\",\"url\":\"https:\\\/\\\/equitystory.ai\\\/wp-content\\\/uploads\\\/2026\\\/01\\\/Deep-Dive-Featured.jpg\",\"contentUrl\":\"https:\\\/\\\/equitystory.ai\\\/wp-content\\\/uploads\\\/2026\\\/01\\\/Deep-Dive-Featured.jpg\",\"width\":1200,\"height\":675,\"caption\":\"Shares Deep Dive\"},{\"@type\":\"BreadcrumbList\",\"@id\":\"https:\\\/\\\/equitystory.ai\\\/en\\\/shares-deep-dive\\\/#breadcrumb\",\"itemListElement\":[{\"@type\":\"ListItem\",\"position\":1,\"name\":\"Startseite\",\"item\":\"https:\\\/\\\/equitystory.ai\\\/en\\\/equitystory\\\/\"},{\"@type\":\"ListItem\",\"position\":2,\"name\":\"Shares Deep Dive\"}]},{\"@type\":\"WebSite\",\"@id\":\"https:\\\/\\\/equitystory.ai\\\/en\\\/#website\",\"url\":\"https:\\\/\\\/equitystory.ai\\\/en\\\/\",\"name\":\"Equity Story | Andreas W\u00f6lfl\",\"description\":\"Andreas W\u00f6lfl pr\u00e4sentiert neue Aktien und spannende Investments\",\"publisher\":{\"@id\":\"https:\\\/\\\/equitystory.ai\\\/en\\\/#\\\/schema\\\/person\\\/9357215da37300bb586e1a29bf35c819\"},\"potentialAction\":[{\"@type\":\"SearchAction\",\"target\":{\"@type\":\"EntryPoint\",\"urlTemplate\":\"https:\\\/\\\/equitystory.ai\\\/en\\\/?s={search_term_string}\"},\"query-input\":{\"@type\":\"PropertyValueSpecification\",\"valueRequired\":true,\"valueName\":\"search_term_string\"}}],\"inLanguage\":\"en-US\"},{\"@type\":[\"Person\",\"Organization\"],\"@id\":\"https:\\\/\\\/equitystory.ai\\\/en\\\/#\\\/schema\\\/person\\\/9357215da37300bb586e1a29bf35c819\",\"name\":\"Andreas W\u00f6lfl\",\"image\":{\"@type\":\"ImageObject\",\"inLanguage\":\"en-US\",\"@id\":\"https:\\\/\\\/equitystory.ai\\\/wp-content\\\/uploads\\\/2025\\\/11\\\/Equity-Story-Logo.svg\",\"url\":\"https:\\\/\\\/equitystory.ai\\\/wp-content\\\/uploads\\\/2025\\\/11\\\/Equity-Story-Logo.svg\",\"contentUrl\":\"https:\\\/\\\/equitystory.ai\\\/wp-content\\\/uploads\\\/2025\\\/11\\\/Equity-Story-Logo.svg\",\"width\":600,\"height\":187,\"caption\":\"Andreas W\u00f6lfl\"},\"logo\":{\"@id\":\"https:\\\/\\\/equitystory.ai\\\/wp-content\\\/uploads\\\/2025\\\/11\\\/Equity-Story-Logo.svg\"},\"description\":\"Andreas W\u00f6lfl gilt als einer der f\u00fchrenden K\u00f6pfe und Wegbereiter der europ\u00e4ischen Landschaft f\u00fcr aktiv gemanagte Exchange Traded Products (ETPs). Als Gr\u00fcnder und Verwaltungsratspr\u00e4sident der iMaps Capital Markets Group hat er die Art und Weise, wie Asset Manager Anlagestrategien verbriefen und handelbar machen, massgeblich revolutioniert.\"}]}<\/script>\n<!-- \/ Yoast SEO plugin. -->","yoast_head_json":{"title":"Shares Deep Dive - Detailed AI analyses for investors","description":"In-depth stock analysis with AI-powered insights and in-depth company profiles for professional investors and financial experts.","robots":{"index":"index","follow":"follow","max-snippet":"max-snippet:-1","max-image-preview":"max-image-preview:large","max-video-preview":"max-video-preview:-1"},"canonical":"https:\/\/equitystory.ai\/en\/shares-deep-dive\/","og_locale":"en_US","og_type":"article","og_title":"Equities Deep Dive - AI analyses for professionals","og_description":"Share analyses on business model, strategy and key figures","og_url":"https:\/\/equitystory.ai\/en\/shares-deep-dive\/","og_site_name":"Equity Story","article_modified_time":"2026-01-16T14:58:14+00:00","og_image":[{"url":"https:\/\/equitystory.ai\/wp-content\/uploads\/2026\/01\/Deep-Dive-Featured-1024x576.jpg","type":"","width":"","height":""}],"twitter_card":"summary_large_image","twitter_misc":{"Est. reading time":"1 minute"},"schema":{"@context":"https:\/\/schema.org","@graph":[{"@type":"WebPage","@id":"https:\/\/equitystory.ai\/en\/shares-deep-dive\/","url":"https:\/\/equitystory.ai\/en\/shares-deep-dive\/","name":"Shares Deep Dive - Detailed AI analyses for investors","isPartOf":{"@id":"https:\/\/equitystory.ai\/en\/#website"},"primaryImageOfPage":{"@id":"https:\/\/equitystory.ai\/en\/shares-deep-dive\/#primaryimage"},"image":{"@id":"https:\/\/equitystory.ai\/en\/shares-deep-dive\/#primaryimage"},"thumbnailUrl":"https:\/\/equitystory.ai\/wp-content\/uploads\/2026\/01\/Deep-Dive-Featured.jpg","datePublished":"2025-11-13T16:56:11+00:00","dateModified":"2026-01-16T14:58:14+00:00","description":"In-depth stock analysis with AI-powered insights and in-depth company profiles for professional investors and financial experts.","breadcrumb":{"@id":"https:\/\/equitystory.ai\/en\/shares-deep-dive\/#breadcrumb"},"inLanguage":"en-US","potentialAction":[{"@type":"ReadAction","target":["https:\/\/equitystory.ai\/en\/shares-deep-dive\/"]}]},{"@type":"ImageObject","inLanguage":"en-US","@id":"https:\/\/equitystory.ai\/en\/shares-deep-dive\/#primaryimage","url":"https:\/\/equitystory.ai\/wp-content\/uploads\/2026\/01\/Deep-Dive-Featured.jpg","contentUrl":"https:\/\/equitystory.ai\/wp-content\/uploads\/2026\/01\/Deep-Dive-Featured.jpg","width":1200,"height":675,"caption":"Shares Deep Dive"},{"@type":"BreadcrumbList","@id":"https:\/\/equitystory.ai\/en\/shares-deep-dive\/#breadcrumb","itemListElement":[{"@type":"ListItem","position":1,"name":"Startseite","item":"https:\/\/equitystory.ai\/en\/equitystory\/"},{"@type":"ListItem","position":2,"name":"Shares Deep Dive"}]},{"@type":"WebSite","@id":"https:\/\/equitystory.ai\/en\/#website","url":"https:\/\/equitystory.ai\/en\/","name":"Equity Story | Andreas W\u00f6lfl","description":"Andreas W\u00f6lfl pr\u00e4sentiert neue Aktien und spannende Investments","publisher":{"@id":"https:\/\/equitystory.ai\/en\/#\/schema\/person\/9357215da37300bb586e1a29bf35c819"},"potentialAction":[{"@type":"SearchAction","target":{"@type":"EntryPoint","urlTemplate":"https:\/\/equitystory.ai\/en\/?s={search_term_string}"},"query-input":{"@type":"PropertyValueSpecification","valueRequired":true,"valueName":"search_term_string"}}],"inLanguage":"en-US"},{"@type":["Person","Organization"],"@id":"https:\/\/equitystory.ai\/en\/#\/schema\/person\/9357215da37300bb586e1a29bf35c819","name":"Andreas W\u00f6lfl","image":{"@type":"ImageObject","inLanguage":"en-US","@id":"https:\/\/equitystory.ai\/wp-content\/uploads\/2025\/11\/Equity-Story-Logo.svg","url":"https:\/\/equitystory.ai\/wp-content\/uploads\/2025\/11\/Equity-Story-Logo.svg","contentUrl":"https:\/\/equitystory.ai\/wp-content\/uploads\/2025\/11\/Equity-Story-Logo.svg","width":600,"height":187,"caption":"Andreas W\u00f6lfl"},"logo":{"@id":"https:\/\/equitystory.ai\/wp-content\/uploads\/2025\/11\/Equity-Story-Logo.svg"},"description":"Andreas W\u00f6lfl gilt als einer der f\u00fchrenden K\u00f6pfe und Wegbereiter der europ\u00e4ischen Landschaft f\u00fcr aktiv gemanagte Exchange Traded Products (ETPs). Als Gr\u00fcnder und Verwaltungsratspr\u00e4sident der iMaps Capital Markets Group hat er die Art und Weise, wie Asset Manager Anlagestrategien verbriefen und handelbar machen, massgeblich revolutioniert."}]}},"_links":{"self":[{"href":"https:\/\/equitystory.ai\/en\/wp-json\/wp\/v2\/pages\/289","targetHints":{"allow":["GET"]}}],"collection":[{"href":"https:\/\/equitystory.ai\/en\/wp-json\/wp\/v2\/pages"}],"about":[{"href":"https:\/\/equitystory.ai\/en\/wp-json\/wp\/v2\/types\/page"}],"author":[{"embeddable":true,"href":"https:\/\/equitystory.ai\/en\/wp-json\/wp\/v2\/users\/1"}],"replies":[{"embeddable":true,"href":"https:\/\/equitystory.ai\/en\/wp-json\/wp\/v2\/comments?post=289"}],"version-history":[{"count":17,"href":"https:\/\/equitystory.ai\/en\/wp-json\/wp\/v2\/pages\/289\/revisions"}],"predecessor-version":[{"id":613,"href":"https:\/\/equitystory.ai\/en\/wp-json\/wp\/v2\/pages\/289\/revisions\/613"}],"wp:featuredmedia":[{"embeddable":true,"href":"https:\/\/equitystory.ai\/en\/wp-json\/wp\/v2\/media\/590"}],"wp:attachment":[{"href":"https:\/\/equitystory.ai\/en\/wp-json\/wp\/v2\/media?parent=289"}],"curies":[{"name":"wp","href":"https:\/\/api.w.org\/{rel}","templated":true}]}}