{"id":290,"date":"2025-11-13T17:55:57","date_gmt":"2025-11-13T16:55:57","guid":{"rendered":"https:\/\/equitystory.ai\/stock-blog\/"},"modified":"2026-01-16T15:54:30","modified_gmt":"2026-01-16T14:54:30","slug":"stock-blog","status":"publish","type":"page","link":"https:\/\/equitystory.ai\/en\/stock-blog\/","title":{"rendered":"Stock Blog"},"content":{"rendered":"\t\t<div data-elementor-type=\"wp-page\" data-elementor-id=\"290\" class=\"elementor elementor-290 elementor-244\" data-elementor-post-type=\"page\">\n\t\t\t\t<div class=\"elementor-element elementor-element-6d2500d e-flex e-con-boxed e-con e-parent\" data-id=\"6d2500d\" data-element_type=\"container\" data-e-type=\"container\" data-settings=\"{&quot;background_background&quot;:&quot;gradient&quot;}\">\n\t\t\t\t\t<div class=\"e-con-inner\">\n\t\t<div class=\"elementor-element elementor-element-a6150a9 e-con-full e-flex e-con e-child\" data-id=\"a6150a9\" data-element_type=\"container\" data-e-type=\"container\">\n\t\t\t\t<div class=\"elementor-element elementor-element-5252293 elementor-widget elementor-widget-image\" data-id=\"5252293\" data-element_type=\"widget\" data-e-type=\"widget\" data-widget_type=\"image.default\">\n\t\t\t\t\t\t\t\t\t\t\t\t\t\t\t<img fetchpriority=\"high\" decoding=\"async\" width=\"500\" height=\"372\" src=\"https:\/\/equitystory.ai\/wp-content\/uploads\/2025\/11\/Andreas-Woelfl-frei.png\" class=\"attachment-medium_large size-medium_large wp-image-256\" alt=\"Andreas Woelfl\" srcset=\"https:\/\/equitystory.ai\/wp-content\/uploads\/2025\/11\/Andreas-Woelfl-frei.png 500w, https:\/\/equitystory.ai\/wp-content\/uploads\/2025\/11\/Andreas-Woelfl-frei-300x223.png 300w\" sizes=\"(max-width: 500px) 100vw, 500px\" \/>\t\t\t\t\t\t\t\t\t\t\t\t\t\t\t<\/div>\n\t\t\t\t<\/div>\n\t\t<div class=\"elementor-element elementor-element-db8c185 e-con-full e-flex e-con e-child\" data-id=\"db8c185\" data-element_type=\"container\" data-e-type=\"container\">\n\t\t\t\t<div class=\"elementor-element elementor-element-c0285c9 elementor-widget elementor-widget-heading\" data-id=\"c0285c9\" data-element_type=\"widget\" data-e-type=\"widget\" data-widget_type=\"heading.default\">\n\t\t\t\t\t<h2 class=\"elementor-heading-title elementor-size-default\">Andreas Woelfl \u2013 equitystory.ai<\/h2>\t\t\t\t<\/div>\n\t\t\t\t<div class=\"elementor-element elementor-element-fd11e1c elementor-widget elementor-widget-heading\" data-id=\"fd11e1c\" data-element_type=\"widget\" data-e-type=\"widget\" data-widget_type=\"heading.default\">\n\t\t\t\t\t<h2 class=\"elementor-heading-title elementor-size-default\">Investment professional with more than 30 years of stock market experience regularly presents new stocks and exciting investments<\/h2>\t\t\t\t<\/div>\n\t\t\t\t<\/div>\n\t\t\t\t\t<\/div>\n\t\t\t\t<\/div>\n\t\t<div class=\"elementor-element elementor-element-b75e55e e-flex e-con-boxed e-con e-parent\" data-id=\"b75e55e\" data-element_type=\"container\" data-e-type=\"container\">\n\t\t\t\t\t<div class=\"e-con-inner\">\n\t\t<div class=\"elementor-element elementor-element-dbf32f3 e-con-full e-flex e-con e-child\" data-id=\"dbf32f3\" data-element_type=\"container\" data-e-type=\"container\">\n\t\t\t\t<div class=\"elementor-element elementor-element-6a8affd elementor-widget elementor-widget-heading\" data-id=\"6a8affd\" data-element_type=\"widget\" data-e-type=\"widget\" data-widget_type=\"heading.default\">\n\t\t\t\t\t<h2 class=\"elementor-heading-title elementor-size-default\">Stock Blog<\/h2>\t\t\t\t<\/div>\n\t\t\t\t<div class=\"elementor-element elementor-element-374bd50 elementor-widget elementor-widget-heading\" data-id=\"374bd50\" data-element_type=\"widget\" data-e-type=\"widget\" data-widget_type=\"heading.default\">\n\t\t\t\t\t<h3 class=\"elementor-heading-title elementor-size-default\">The quick AI check for an initial overview<\/h3>\t\t\t\t<\/div>\n\t\t\t\t<\/div>\n\t\t\t\t<div class=\"elementor-element elementor-element-ed2edf5 elementor-widget elementor-widget-text-editor\" data-id=\"ed2edf5\" data-element_type=\"widget\" data-e-type=\"widget\" data-widget_type=\"text-editor.default\">\n\t\t\t\t\t\t\t\t\t<p>In this section, I share the results of my regular research routine with you. The idea is simple: I select exciting companies and use targeted prompts to work out the essence of a business model with the help of artificial intelligence. What you read here is the &#8220;short version&#8221; &#8211; ideal for a quick overview within a few minutes. I personally use these articles as an initial guide to help me decide whether a share is worth a closer look. I publish these AI-generated impulses to provide you with quick inspiration without making a buy or sell recommendation. It is the starting point for your own journey of discovery into the world of listed companies.     <\/p>\t\t\t\t\t\t\t\t<\/div>\n\t\t\t\t<div class=\"elementor-element elementor-element-2a66fc5 elementor-widget elementor-widget-global elementor-global-538 elementor-global-513 elementor-widget-image\" data-id=\"2a66fc5\" data-element_type=\"widget\" data-e-type=\"widget\" data-widget_type=\"image.default\">\n\t\t\t\t\t\t\t\t\t\t\t\t\t\t\t\t<a href=\"https:\/\/imaps-capital.com\/?utm_source=equitystory&#038;utm_medium=banner&#038;utm_campaign=partner_imaps&#038;utm_content=moderne_plattform_banner\" target=\"_blank\">\n\t\t\t\t\t\t\t<img decoding=\"async\" width=\"1200\" height=\"306\" src=\"https:\/\/equitystory.ai\/wp-content\/uploads\/2026\/01\/iMaps-Banner-lg-EN.jpg\" class=\"attachment-full size-full wp-image-535\" alt=\"iMaps: The modern platform for efficient, flexible and cost-effective AMC emissions.\" srcset=\"https:\/\/equitystory.ai\/wp-content\/uploads\/2026\/01\/iMaps-Banner-lg-EN.jpg 1200w, https:\/\/equitystory.ai\/wp-content\/uploads\/2026\/01\/iMaps-Banner-lg-EN-300x77.jpg 300w, https:\/\/equitystory.ai\/wp-content\/uploads\/2026\/01\/iMaps-Banner-lg-EN-1024x261.jpg 1024w, https:\/\/equitystory.ai\/wp-content\/uploads\/2026\/01\/iMaps-Banner-lg-EN-768x196.jpg 768w\" sizes=\"(max-width: 1200px) 100vw, 1200px\" \/>\t\t\t\t\t\t\t\t<\/a>\n\t\t\t\t\t\t\t\t\t\t\t\t\t\t\t<\/div>\n\t\t\t\t\t<\/div>\n\t\t\t\t<\/div>\n\t\t\t\t<\/div>\n\t\t","protected":false},"excerpt":{"rendered":"<p>Andreas Woelfl \u2013 equitystory.ai Investment professional with more than 30 years of stock market experience regularly presents new stocks and exciting investments Stock Blog The quick AI check for an initial overview In this section, I share the results of my regular research routine with you. The idea is simple: I select exciting companies and [&hellip;]<\/p>\n","protected":false},"author":1,"featured_media":592,"parent":0,"menu_order":0,"comment_status":"closed","ping_status":"closed","template":"","meta":{"footnotes":""},"class_list":["post-290","page","type-page","status-publish","has-post-thumbnail","hentry"],"yoast_head":"<!-- This site is optimized with the Yoast SEO plugin v27.3 - https:\/\/yoast.com\/product\/yoast-seo-wordpress\/ -->\n<title>Shares Blog - Analysis, strategies and investment insights<\/title>\n<meta name=\"description\" content=\"Stock blog with clear market analyses, strategic perspectives &amp; understandable investment insights for active investors &amp; financial enthusiasts.\" \/>\n<meta name=\"robots\" content=\"index, follow, max-snippet:-1, max-image-preview:large, max-video-preview:-1\" \/>\n<link rel=\"canonical\" href=\"https:\/\/equitystory.ai\/en\/stock-blog\/\" \/>\n<meta property=\"og:locale\" content=\"en_US\" \/>\n<meta property=\"og:type\" content=\"article\" \/>\n<meta property=\"og:title\" content=\"Equities Blog - Market Analysis &amp; Investment Insights\" \/>\n<meta property=\"og:description\" content=\"In-depth articles on shares, markets and investment strategies\" \/>\n<meta property=\"og:url\" content=\"https:\/\/equitystory.ai\/en\/stock-blog\/\" \/>\n<meta property=\"og:site_name\" content=\"Equity Story\" \/>\n<meta property=\"article:modified_time\" content=\"2026-01-16T14:54:30+00:00\" \/>\n<meta property=\"og:image\" content=\"https:\/\/equitystory.ai\/wp-content\/uploads\/2026\/01\/Blog-Featured-1024x576.jpg\" \/>\n<meta name=\"twitter:card\" content=\"summary_large_image\" \/>\n<meta name=\"twitter:label1\" content=\"Est. reading time\" \/>\n\t<meta name=\"twitter:data1\" content=\"1 minute\" \/>\n<script type=\"application\/ld+json\" class=\"yoast-schema-graph\">{\"@context\":\"https:\\\/\\\/schema.org\",\"@graph\":[{\"@type\":\"WebPage\",\"@id\":\"https:\\\/\\\/equitystory.ai\\\/en\\\/stock-blog\\\/\",\"url\":\"https:\\\/\\\/equitystory.ai\\\/en\\\/stock-blog\\\/\",\"name\":\"Shares Blog - Analysis, strategies and investment insights\",\"isPartOf\":{\"@id\":\"https:\\\/\\\/equitystory.ai\\\/en\\\/#website\"},\"primaryImageOfPage\":{\"@id\":\"https:\\\/\\\/equitystory.ai\\\/en\\\/stock-blog\\\/#primaryimage\"},\"image\":{\"@id\":\"https:\\\/\\\/equitystory.ai\\\/en\\\/stock-blog\\\/#primaryimage\"},\"thumbnailUrl\":\"https:\\\/\\\/equitystory.ai\\\/wp-content\\\/uploads\\\/2026\\\/01\\\/Blog-Featured.jpg\",\"datePublished\":\"2025-11-13T16:55:57+00:00\",\"dateModified\":\"2026-01-16T14:54:30+00:00\",\"description\":\"Stock blog with clear market analyses, strategic perspectives & understandable investment insights for active investors & financial enthusiasts.\",\"breadcrumb\":{\"@id\":\"https:\\\/\\\/equitystory.ai\\\/en\\\/stock-blog\\\/#breadcrumb\"},\"inLanguage\":\"en-US\",\"potentialAction\":[{\"@type\":\"ReadAction\",\"target\":[\"https:\\\/\\\/equitystory.ai\\\/en\\\/stock-blog\\\/\"]}]},{\"@type\":\"ImageObject\",\"inLanguage\":\"en-US\",\"@id\":\"https:\\\/\\\/equitystory.ai\\\/en\\\/stock-blog\\\/#primaryimage\",\"url\":\"https:\\\/\\\/equitystory.ai\\\/wp-content\\\/uploads\\\/2026\\\/01\\\/Blog-Featured.jpg\",\"contentUrl\":\"https:\\\/\\\/equitystory.ai\\\/wp-content\\\/uploads\\\/2026\\\/01\\\/Blog-Featured.jpg\",\"width\":1200,\"height\":675,\"caption\":\"Shares Blog\"},{\"@type\":\"BreadcrumbList\",\"@id\":\"https:\\\/\\\/equitystory.ai\\\/en\\\/stock-blog\\\/#breadcrumb\",\"itemListElement\":[{\"@type\":\"ListItem\",\"position\":1,\"name\":\"Startseite\",\"item\":\"https:\\\/\\\/equitystory.ai\\\/en\\\/equitystory\\\/\"},{\"@type\":\"ListItem\",\"position\":2,\"name\":\"Stock Blog\"}]},{\"@type\":\"WebSite\",\"@id\":\"https:\\\/\\\/equitystory.ai\\\/en\\\/#website\",\"url\":\"https:\\\/\\\/equitystory.ai\\\/en\\\/\",\"name\":\"Equity Story | Andreas W\u00f6lfl\",\"description\":\"Andreas W\u00f6lfl pr\u00e4sentiert neue Aktien und spannende Investments\",\"publisher\":{\"@id\":\"https:\\\/\\\/equitystory.ai\\\/en\\\/#\\\/schema\\\/person\\\/9357215da37300bb586e1a29bf35c819\"},\"potentialAction\":[{\"@type\":\"SearchAction\",\"target\":{\"@type\":\"EntryPoint\",\"urlTemplate\":\"https:\\\/\\\/equitystory.ai\\\/en\\\/?s={search_term_string}\"},\"query-input\":{\"@type\":\"PropertyValueSpecification\",\"valueRequired\":true,\"valueName\":\"search_term_string\"}}],\"inLanguage\":\"en-US\"},{\"@type\":[\"Person\",\"Organization\"],\"@id\":\"https:\\\/\\\/equitystory.ai\\\/en\\\/#\\\/schema\\\/person\\\/9357215da37300bb586e1a29bf35c819\",\"name\":\"Andreas W\u00f6lfl\",\"image\":{\"@type\":\"ImageObject\",\"inLanguage\":\"en-US\",\"@id\":\"https:\\\/\\\/equitystory.ai\\\/wp-content\\\/uploads\\\/2025\\\/11\\\/Equity-Story-Logo.svg\",\"url\":\"https:\\\/\\\/equitystory.ai\\\/wp-content\\\/uploads\\\/2025\\\/11\\\/Equity-Story-Logo.svg\",\"contentUrl\":\"https:\\\/\\\/equitystory.ai\\\/wp-content\\\/uploads\\\/2025\\\/11\\\/Equity-Story-Logo.svg\",\"width\":600,\"height\":187,\"caption\":\"Andreas W\u00f6lfl\"},\"logo\":{\"@id\":\"https:\\\/\\\/equitystory.ai\\\/wp-content\\\/uploads\\\/2025\\\/11\\\/Equity-Story-Logo.svg\"},\"description\":\"Andreas W\u00f6lfl gilt als einer der f\u00fchrenden K\u00f6pfe und Wegbereiter der europ\u00e4ischen Landschaft f\u00fcr aktiv gemanagte Exchange Traded Products (ETPs). Als Gr\u00fcnder und Verwaltungsratspr\u00e4sident der iMaps Capital Markets Group hat er die Art und Weise, wie Asset Manager Anlagestrategien verbriefen und handelbar machen, massgeblich revolutioniert.\"}]}<\/script>\n<!-- \/ Yoast SEO plugin. -->","yoast_head_json":{"title":"Shares Blog - Analysis, strategies and investment insights","description":"Stock blog with clear market analyses, strategic perspectives & understandable investment insights for active investors & financial enthusiasts.","robots":{"index":"index","follow":"follow","max-snippet":"max-snippet:-1","max-image-preview":"max-image-preview:large","max-video-preview":"max-video-preview:-1"},"canonical":"https:\/\/equitystory.ai\/en\/stock-blog\/","og_locale":"en_US","og_type":"article","og_title":"Equities Blog - Market Analysis & Investment Insights","og_description":"In-depth articles on shares, markets and investment strategies","og_url":"https:\/\/equitystory.ai\/en\/stock-blog\/","og_site_name":"Equity Story","article_modified_time":"2026-01-16T14:54:30+00:00","og_image":[{"url":"https:\/\/equitystory.ai\/wp-content\/uploads\/2026\/01\/Blog-Featured-1024x576.jpg","type":"","width":"","height":""}],"twitter_card":"summary_large_image","twitter_misc":{"Est. reading time":"1 minute"},"schema":{"@context":"https:\/\/schema.org","@graph":[{"@type":"WebPage","@id":"https:\/\/equitystory.ai\/en\/stock-blog\/","url":"https:\/\/equitystory.ai\/en\/stock-blog\/","name":"Shares Blog - Analysis, strategies and investment insights","isPartOf":{"@id":"https:\/\/equitystory.ai\/en\/#website"},"primaryImageOfPage":{"@id":"https:\/\/equitystory.ai\/en\/stock-blog\/#primaryimage"},"image":{"@id":"https:\/\/equitystory.ai\/en\/stock-blog\/#primaryimage"},"thumbnailUrl":"https:\/\/equitystory.ai\/wp-content\/uploads\/2026\/01\/Blog-Featured.jpg","datePublished":"2025-11-13T16:55:57+00:00","dateModified":"2026-01-16T14:54:30+00:00","description":"Stock blog with clear market analyses, strategic perspectives & understandable investment insights for active investors & financial enthusiasts.","breadcrumb":{"@id":"https:\/\/equitystory.ai\/en\/stock-blog\/#breadcrumb"},"inLanguage":"en-US","potentialAction":[{"@type":"ReadAction","target":["https:\/\/equitystory.ai\/en\/stock-blog\/"]}]},{"@type":"ImageObject","inLanguage":"en-US","@id":"https:\/\/equitystory.ai\/en\/stock-blog\/#primaryimage","url":"https:\/\/equitystory.ai\/wp-content\/uploads\/2026\/01\/Blog-Featured.jpg","contentUrl":"https:\/\/equitystory.ai\/wp-content\/uploads\/2026\/01\/Blog-Featured.jpg","width":1200,"height":675,"caption":"Shares Blog"},{"@type":"BreadcrumbList","@id":"https:\/\/equitystory.ai\/en\/stock-blog\/#breadcrumb","itemListElement":[{"@type":"ListItem","position":1,"name":"Startseite","item":"https:\/\/equitystory.ai\/en\/equitystory\/"},{"@type":"ListItem","position":2,"name":"Stock Blog"}]},{"@type":"WebSite","@id":"https:\/\/equitystory.ai\/en\/#website","url":"https:\/\/equitystory.ai\/en\/","name":"Equity Story | Andreas W\u00f6lfl","description":"Andreas W\u00f6lfl pr\u00e4sentiert neue Aktien und spannende Investments","publisher":{"@id":"https:\/\/equitystory.ai\/en\/#\/schema\/person\/9357215da37300bb586e1a29bf35c819"},"potentialAction":[{"@type":"SearchAction","target":{"@type":"EntryPoint","urlTemplate":"https:\/\/equitystory.ai\/en\/?s={search_term_string}"},"query-input":{"@type":"PropertyValueSpecification","valueRequired":true,"valueName":"search_term_string"}}],"inLanguage":"en-US"},{"@type":["Person","Organization"],"@id":"https:\/\/equitystory.ai\/en\/#\/schema\/person\/9357215da37300bb586e1a29bf35c819","name":"Andreas W\u00f6lfl","image":{"@type":"ImageObject","inLanguage":"en-US","@id":"https:\/\/equitystory.ai\/wp-content\/uploads\/2025\/11\/Equity-Story-Logo.svg","url":"https:\/\/equitystory.ai\/wp-content\/uploads\/2025\/11\/Equity-Story-Logo.svg","contentUrl":"https:\/\/equitystory.ai\/wp-content\/uploads\/2025\/11\/Equity-Story-Logo.svg","width":600,"height":187,"caption":"Andreas W\u00f6lfl"},"logo":{"@id":"https:\/\/equitystory.ai\/wp-content\/uploads\/2025\/11\/Equity-Story-Logo.svg"},"description":"Andreas W\u00f6lfl gilt als einer der f\u00fchrenden K\u00f6pfe und Wegbereiter der europ\u00e4ischen Landschaft f\u00fcr aktiv gemanagte Exchange Traded Products (ETPs). Als Gr\u00fcnder und Verwaltungsratspr\u00e4sident der iMaps Capital Markets Group hat er die Art und Weise, wie Asset Manager Anlagestrategien verbriefen und handelbar machen, massgeblich revolutioniert."}]}},"_links":{"self":[{"href":"https:\/\/equitystory.ai\/en\/wp-json\/wp\/v2\/pages\/290","targetHints":{"allow":["GET"]}}],"collection":[{"href":"https:\/\/equitystory.ai\/en\/wp-json\/wp\/v2\/pages"}],"about":[{"href":"https:\/\/equitystory.ai\/en\/wp-json\/wp\/v2\/types\/page"}],"author":[{"embeddable":true,"href":"https:\/\/equitystory.ai\/en\/wp-json\/wp\/v2\/users\/1"}],"replies":[{"embeddable":true,"href":"https:\/\/equitystory.ai\/en\/wp-json\/wp\/v2\/comments?post=290"}],"version-history":[{"count":15,"href":"https:\/\/equitystory.ai\/en\/wp-json\/wp\/v2\/pages\/290\/revisions"}],"predecessor-version":[{"id":607,"href":"https:\/\/equitystory.ai\/en\/wp-json\/wp\/v2\/pages\/290\/revisions\/607"}],"wp:featuredmedia":[{"embeddable":true,"href":"https:\/\/equitystory.ai\/en\/wp-json\/wp\/v2\/media\/592"}],"wp:attachment":[{"href":"https:\/\/equitystory.ai\/en\/wp-json\/wp\/v2\/media?parent=290"}],"curies":[{"name":"wp","href":"https:\/\/api.w.org\/{rel}","templated":true}]}}