{"id":291,"date":"2025-11-13T17:55:45","date_gmt":"2025-11-13T16:55:45","guid":{"rendered":"https:\/\/equitystory.ai\/andreas-woelfl\/"},"modified":"2026-01-16T16:13:31","modified_gmt":"2026-01-16T15:13:31","slug":"andreas-woelfl","status":"publish","type":"page","link":"https:\/\/equitystory.ai\/en\/andreas-woelfl\/","title":{"rendered":"Andreas Woelfl"},"content":{"rendered":"\t\t<div data-elementor-type=\"wp-page\" data-elementor-id=\"291\" class=\"elementor elementor-291 elementor-242\" data-elementor-post-type=\"page\">\n\t\t\t\t<div class=\"elementor-element elementor-element-65fc212 e-flex e-con-boxed e-con e-parent\" data-id=\"65fc212\" data-element_type=\"container\" data-e-type=\"container\">\n\t\t\t\t\t<div class=\"e-con-inner\">\n\t\t<div class=\"elementor-element elementor-element-2bee269 e-con-full e-flex e-con e-child\" data-id=\"2bee269\" data-element_type=\"container\" data-e-type=\"container\">\n\t\t\t\t<div class=\"elementor-element elementor-element-cd5ac15 elementor-widget elementor-widget-image\" data-id=\"cd5ac15\" data-element_type=\"widget\" data-e-type=\"widget\" data-widget_type=\"image.default\">\n\t\t\t\t\t\t\t\t\t\t\t\t\t\t\t<img fetchpriority=\"high\" decoding=\"async\" width=\"800\" height=\"800\" src=\"https:\/\/equitystory.ai\/wp-content\/uploads\/2025\/11\/Andreas-Woelfl-2025-qu.jpg\" class=\"attachment-large size-large wp-image-323\" alt=\"Andreas Woelfl\" srcset=\"https:\/\/equitystory.ai\/wp-content\/uploads\/2025\/11\/Andreas-Woelfl-2025-qu.jpg 1000w, https:\/\/equitystory.ai\/wp-content\/uploads\/2025\/11\/Andreas-Woelfl-2025-qu-300x300.jpg 300w, https:\/\/equitystory.ai\/wp-content\/uploads\/2025\/11\/Andreas-Woelfl-2025-qu-150x150.jpg 150w, https:\/\/equitystory.ai\/wp-content\/uploads\/2025\/11\/Andreas-Woelfl-2025-qu-768x768.jpg 768w\" sizes=\"(max-width: 800px) 100vw, 800px\" \/>\t\t\t\t\t\t\t\t\t\t\t\t\t\t\t<\/div>\n\t\t\t\t<\/div>\n\t\t<div class=\"elementor-element elementor-element-e8d29d4 e-con-full e-flex e-con e-child\" data-id=\"e8d29d4\" data-element_type=\"container\" data-e-type=\"container\">\n\t\t\t\t<div class=\"elementor-element elementor-element-7ec65e1 elementor-widget elementor-widget-heading\" data-id=\"7ec65e1\" data-element_type=\"widget\" data-e-type=\"widget\" data-widget_type=\"heading.default\">\n\t\t\t\t\t<h1 class=\"elementor-heading-title elementor-size-default\">Andreas Woelfl<\/h1>\t\t\t\t<\/div>\n\t\t\t\t<div class=\"elementor-element elementor-element-4e32080 elementor-widget elementor-widget-heading\" data-id=\"4e32080\" data-element_type=\"widget\" data-e-type=\"widget\" data-widget_type=\"heading.default\">\n\t\t\t\t\t<h2 class=\"elementor-heading-title elementor-size-default\">Visionary, pioneer and architect of modern investment solutions<\/h2>\t\t\t\t<\/div>\n\t\t\t\t<div class=\"elementor-element elementor-element-02ba3de elementor-widget elementor-widget-text-editor\" data-id=\"02ba3de\" data-element_type=\"widget\" data-e-type=\"widget\" data-widget_type=\"text-editor.default\">\n\t\t\t\t\t\t\t\t\t<p>Andreas Woelfl is considered one of the leading minds and pioneers of the European landscape for actively managed exchange traded products (ETPs). As founder and Chairman of the Board of Directors of <strong>iMaps Capital Markets Group<\/strong>, he has significantly revolutionized the way in which asset managers securitize investment strategies and make them tradable. <\/p>\t\t\t\t\t\t\t\t<\/div>\n\t\t\t\t<\/div>\n\t\t\t\t\t<\/div>\n\t\t\t\t<\/div>\n\t\t<div class=\"elementor-element elementor-element-615ba82 e-flex e-con-boxed e-con e-parent\" data-id=\"615ba82\" data-element_type=\"container\" data-e-type=\"container\">\n\t\t\t\t\t<div class=\"e-con-inner\">\n\t\t\t\t<div class=\"elementor-element elementor-element-186144a elementor-widget elementor-widget-heading\" data-id=\"186144a\" data-element_type=\"widget\" data-e-type=\"widget\" data-widget_type=\"heading.default\">\n\t\t\t\t\t<h2 class=\"elementor-heading-title elementor-size-default\">A career on the stock market - <br>From the beginnings to innovation<\/h2>\t\t\t\t<\/div>\n\t\t\t\t<div class=\"elementor-element elementor-element-374e7f7 elementor-widget elementor-widget-text-editor\" data-id=\"374e7f7\" data-element_type=\"widget\" data-e-type=\"widget\" data-widget_type=\"text-editor.default\">\n\t\t\t\t\t\t\t\t\t<p>Andreas Woelfl&#8217;s passion for the financial markets was awakened as a teenager. He was already intensively involved in the stock market during his school years, which led to his first internship in 1995, where he traded financial instruments professionally for the first time. This early practical experience laid the foundation for his studies in business administration at the <strong>Vienna University of Economics and Business<\/strong> (1995-1999), which he completed with distinction. His diploma thesis on the implied volatility structure on the EUREX and Monte Carlo simulations for option price valuation underlined his analytical focus on complex derivatives even back then.   <\/p><p>After completing his Master&#8217;s degree, he began his career at the <strong>Vienna Stock Exchange<\/strong>, where he worked in index management and market control for the derivatives market. As team leader for Austrian indices, he developed a platform for customized indices that served Austrian banks as underlyings for structured products &#8211; a forerunner of his later entrepreneurial activities. <\/p>\t\t\t\t\t\t\t\t<\/div>\n\t\t\t\t<div class=\"elementor-element elementor-element-6e6e4d1 elementor-widget elementor-widget-heading\" data-id=\"6e6e4d1\" data-element_type=\"widget\" data-e-type=\"widget\" data-widget_type=\"heading.default\">\n\t\t\t\t\t<h2 class=\"elementor-heading-title elementor-size-default\">The pioneer of Exchange Traded Instruments (ETI)<\/h2>\t\t\t\t<\/div>\n\t\t\t\t<div class=\"elementor-element elementor-element-785fd02 elementor-widget elementor-widget-text-editor\" data-id=\"785fd02\" data-element_type=\"widget\" data-e-type=\"widget\" data-widget_type=\"text-editor.default\">\n\t\t\t\t\t\t\t\t\t<p>Andreas Woelfl has been a successful entrepreneur since 2001. He was a consultant for <strong>Morgan Stanley Capital Indices (MSCI)<\/strong>, founded an <strong>online stock market newspaper<\/strong>and, as the main shareholder and member of the Board of Directors, led the strategic realignment of the German <strong>Bankverein Werther AG<\/strong> from retail banking to asset management before realizing his stake with high profits. <\/p><p><strong>However, his true pioneering achievement lies in the area of financial product innovation:<\/strong><\/p>\t\t\t\t\t\t\t\t<\/div>\n\t\t\t\t<div class=\"elementor-element elementor-element-0b744f3 elementor-icon-list--layout-traditional elementor-list-item-link-full_width elementor-widget elementor-widget-icon-list\" data-id=\"0b744f3\" data-element_type=\"widget\" data-e-type=\"widget\" data-widget_type=\"icon-list.default\">\n\t\t\t\t\t\t\t<ul class=\"elementor-icon-list-items\">\n\t\t\t\t\t\t\t<li class=\"elementor-icon-list-item\">\n\t\t\t\t\t\t\t\t\t\t\t<span class=\"elementor-icon-list-icon\">\n\t\t\t\t\t\t\t<svg aria-hidden=\"true\" class=\"e-font-icon-svg e-fas-chevron-right\" viewBox=\"0 0 320 512\" xmlns=\"http:\/\/www.w3.org\/2000\/svg\"><path d=\"M285.476 272.971L91.132 467.314c-9.373 9.373-24.569 9.373-33.941 0l-22.667-22.667c-9.357-9.357-9.375-24.522-.04-33.901L188.505 256 34.484 101.255c-9.335-9.379-9.317-24.544.04-33.901l22.667-22.667c9.373-9.373 24.569-9.373 33.941 0L285.475 239.03c9.373 9.372 9.373 24.568.001 33.941z\"><\/path><\/svg>\t\t\t\t\t\t<\/span>\n\t\t\t\t\t\t\t\t\t\t<span class=\"elementor-icon-list-text\"><strong>2009:<\/strong> He listed one of the first \"Exchange Traded Instruments\" (ETI) on a European stock exchange, creating a flexible, cost-efficient alternative to traditional funds.<\/span>\n\t\t\t\t\t\t\t\t\t<\/li>\n\t\t\t\t\t\t\t\t<li class=\"elementor-icon-list-item\">\n\t\t\t\t\t\t\t\t\t\t\t<span class=\"elementor-icon-list-icon\">\n\t\t\t\t\t\t\t<svg aria-hidden=\"true\" class=\"e-font-icon-svg e-fas-chevron-right\" viewBox=\"0 0 320 512\" xmlns=\"http:\/\/www.w3.org\/2000\/svg\"><path d=\"M285.476 272.971L91.132 467.314c-9.373 9.373-24.569 9.373-33.941 0l-22.667-22.667c-9.357-9.357-9.375-24.522-.04-33.901L188.505 256 34.484 101.255c-9.335-9.379-9.317-24.544.04-33.901l22.667-22.667c9.373-9.373 24.569-9.373 33.941 0L285.475 239.03c9.373 9.372 9.373 24.568.001 33.941z\"><\/path><\/svg>\t\t\t\t\t\t<\/span>\n\t\t\t\t\t\t\t\t\t\t<span class=\"elementor-icon-list-text\"><strong>2016:<\/strong> Andreas Woelfl proved his visionary power in the field of digital assets. Long before cryptocurrencies hit the mainstream, he listed one of the world's first Bitcoin ETIs on Deutsche B\u00f6rse and in Gibraltar in July 2016. At a time when the Bitcoin price was still below the USD 1,000 mark, he already recognized the immense potential of the libertarian alternative currency.  <\/span>\n\t\t\t\t\t\t\t\t\t<\/li>\n\t\t\t\t\t\t\t\t<li class=\"elementor-icon-list-item\">\n\t\t\t\t\t\t\t\t\t\t\t<span class=\"elementor-icon-list-icon\">\n\t\t\t\t\t\t\t<svg aria-hidden=\"true\" class=\"e-font-icon-svg e-fas-chevron-right\" viewBox=\"0 0 320 512\" xmlns=\"http:\/\/www.w3.org\/2000\/svg\"><path d=\"M285.476 272.971L91.132 467.314c-9.373 9.373-24.569 9.373-33.941 0l-22.667-22.667c-9.357-9.357-9.375-24.522-.04-33.901L188.505 256 34.484 101.255c-9.335-9.379-9.317-24.544.04-33.901l22.667-22.667c9.373-9.373 24.569-9.373 33.941 0L285.475 239.03c9.373 9.372 9.373 24.568.001 33.941z\"><\/path><\/svg>\t\t\t\t\t\t<\/span>\n\t\t\t\t\t\t\t\t\t\t<span class=\"elementor-icon-list-text\"><strong>Today:<\/strong> With iMaps Capital Markets, he offers a global white-label platform that enables asset managers and traders alike to package complex strategies - from traditional equities to AI-driven models - in exchange-traded structured securities (Actively Managed Certificates). In addition, by issuing financial instruments linked to the value of alternative funds, iMaps Capital Markets not only offers a feeder structure with exchange trading, but also genuine market access - true to the motto and name inspiration for iMaps - international Market Access Products. iMaps has already achieved several top 5 rankings in the German Certificate Award industry awards  <\/span>\n\t\t\t\t\t\t\t\t\t<\/li>\n\t\t\t\t\t\t<\/ul>\n\t\t\t\t\t\t<\/div>\n\t\t\t\t<div class=\"elementor-element elementor-element-8f49f6a elementor-widget elementor-widget-heading\" data-id=\"8f49f6a\" data-element_type=\"widget\" data-e-type=\"widget\" data-widget_type=\"heading.default\">\n\t\t\t\t\t<h2 class=\"elementor-heading-title elementor-size-default\">A sought-after expert in the media<\/h2>\t\t\t\t<\/div>\n\t\t\t\t<div class=\"elementor-element elementor-element-545aa1d elementor-widget elementor-widget-text-editor\" data-id=\"545aa1d\" data-element_type=\"widget\" data-e-type=\"widget\" data-widget_type=\"text-editor.default\">\n\t\t\t\t\t\t\t\t\t<p>Thanks to his decades of expertise, Andreas Woelfl is a valued contact for the business media in Germany, Austria and Switzerland. His analyses and guest commentaries regularly appear in publications such as <strong>B\u00f6rsen-Zeitung<\/strong>, <strong>Format<\/strong> magazine and <strong>wallstreet-online<\/strong>. He also regularly appears as an expert on TV shows, including the news channel <strong>n-tv<\/strong>, where he analyzes current market developments and innovations in the ETP &amp; certificates sector.  <\/p>\t\t\t\t\t\t\t\t<\/div>\n\t\t\t\t<div class=\"elementor-element elementor-element-9e3977c elementor-widget elementor-widget-heading\" data-id=\"9e3977c\" data-element_type=\"widget\" data-e-type=\"widget\" data-widget_type=\"heading.default\">\n\t\t\t\t\t<h2 class=\"elementor-heading-title elementor-size-default\">Personal: Strategy on the board and in the world<\/h2>\t\t\t\t<\/div>\n\t\t\t\t<div class=\"elementor-element elementor-element-6a23515 elementor-widget elementor-widget-text-editor\" data-id=\"6a23515\" data-element_type=\"widget\" data-e-type=\"widget\" data-widget_type=\"text-editor.default\">\n\t\t\t\t\t\t\t\t\t<p>Away from the financial markets, Andreas Woelfl finds his balance in <strong>chess<\/strong> &#8211; a hobby that reflects his preference for strategic thinking and logical precision. He recently proved that he plays this sport at a high level at the <strong>Liechtenstein National Championship 2025<\/strong>, where he took an outstanding <strong>2nd place<\/strong> in his category. <\/p><p>Andreas Woelfl lives in the Principality of Liechtenstein and is the father of two adult children. His private passion is traveling, exploring the world with the same curiosity with which he identifies new market trends. Whether analyzing a complex derivative or planning the next move, Andreas Woelfl combines Hanseatic reliability (shaped by his time in the German banking landscape) with Austrian charm and international vision.  <\/p>\t\t\t\t\t\t\t\t<\/div>\n\t\t\t\t<div class=\"elementor-element elementor-element-c79c67c elementor-widget elementor-widget-global elementor-global-538 elementor-global-513 elementor-widget-image\" data-id=\"c79c67c\" data-element_type=\"widget\" data-e-type=\"widget\" data-widget_type=\"image.default\">\n\t\t\t\t\t\t\t\t\t\t\t\t\t\t\t\t<a href=\"https:\/\/imaps-capital.com\/?utm_source=equitystory&#038;utm_medium=banner&#038;utm_campaign=partner_imaps&#038;utm_content=moderne_plattform_banner\" target=\"_blank\">\n\t\t\t\t\t\t\t<img decoding=\"async\" width=\"1200\" height=\"306\" src=\"https:\/\/equitystory.ai\/wp-content\/uploads\/2026\/01\/iMaps-Banner-lg-EN.jpg\" class=\"attachment-full size-full wp-image-535\" alt=\"iMaps: The modern platform for efficient, flexible and cost-effective AMC emissions.\" srcset=\"https:\/\/equitystory.ai\/wp-content\/uploads\/2026\/01\/iMaps-Banner-lg-EN.jpg 1200w, https:\/\/equitystory.ai\/wp-content\/uploads\/2026\/01\/iMaps-Banner-lg-EN-300x77.jpg 300w, https:\/\/equitystory.ai\/wp-content\/uploads\/2026\/01\/iMaps-Banner-lg-EN-1024x261.jpg 1024w, https:\/\/equitystory.ai\/wp-content\/uploads\/2026\/01\/iMaps-Banner-lg-EN-768x196.jpg 768w\" sizes=\"(max-width: 1200px) 100vw, 1200px\" \/>\t\t\t\t\t\t\t\t<\/a>\n\t\t\t\t\t\t\t\t\t\t\t\t\t\t\t<\/div>\n\t\t\t\t\t<\/div>\n\t\t\t\t<\/div>\n\t\t\t\t<\/div>\n\t\t","protected":false},"excerpt":{"rendered":"<p>Andreas Woelfl Visionary, pioneer and architect of modern investment solutions Andreas Woelfl is considered one of the leading minds and pioneers of the European landscape for actively managed exchange traded products (ETPs). As founder and Chairman of the Board of Directors of iMaps Capital Markets Group, he has significantly revolutionized the way in which asset [&hellip;]<\/p>\n","protected":false},"author":1,"featured_media":615,"parent":0,"menu_order":0,"comment_status":"closed","ping_status":"closed","template":"","meta":{"footnotes":""},"class_list":["post-291","page","type-page","status-publish","has-post-thumbnail","hentry"],"yoast_head":"<!-- This site is optimized with the Yoast SEO plugin v27.3 - https:\/\/yoast.com\/product\/yoast-seo-wordpress\/ -->\n<title>Andreas Woelfl - Analyst &amp; Founder of iMaps Capital Markets<\/title>\n<meta name=\"description\" content=\"Andreas Woelfl is an investment analyst, deep-dive expert &amp; founder of iMaps Capital &amp; EquityStory.ai with a focus on equity analysis for professionals.\" \/>\n<meta name=\"robots\" content=\"index, follow, max-snippet:-1, max-image-preview:large, max-video-preview:-1\" \/>\n<link rel=\"canonical\" href=\"https:\/\/equitystory.ai\/en\/andreas-woelfl\/\" \/>\n<meta property=\"og:locale\" content=\"en_US\" \/>\n<meta property=\"og:type\" content=\"article\" \/>\n<meta property=\"og:title\" content=\"Andreas Woelfl - Analyst &amp; Founder of iMaps Capital Markets\" \/>\n<meta property=\"og:description\" content=\"Equity analyst, author and founder of EquityStory.ai with a focus on in-depth company analyses.\" \/>\n<meta property=\"og:url\" content=\"https:\/\/equitystory.ai\/en\/andreas-woelfl\/\" \/>\n<meta property=\"og:site_name\" content=\"Equity Story\" \/>\n<meta property=\"article:modified_time\" content=\"2026-01-16T15:13:31+00:00\" \/>\n<meta property=\"og:image\" content=\"https:\/\/equitystory.ai\/wp-content\/uploads\/2026\/01\/Equitystory-Andreas-Woelfl-Featured-1024x576.jpg\" \/>\n<meta name=\"twitter:card\" content=\"summary_large_image\" \/>\n<meta name=\"twitter:label1\" content=\"Est. reading time\" \/>\n\t<meta name=\"twitter:data1\" content=\"3 minutes\" \/>\n<script type=\"application\/ld+json\" class=\"yoast-schema-graph\">{\"@context\":\"https:\\\/\\\/schema.org\",\"@graph\":[{\"@type\":\"WebPage\",\"@id\":\"https:\\\/\\\/equitystory.ai\\\/en\\\/andreas-woelfl\\\/\",\"url\":\"https:\\\/\\\/equitystory.ai\\\/en\\\/andreas-woelfl\\\/\",\"name\":\"Andreas Woelfl - Analyst & Founder of iMaps Capital Markets\",\"isPartOf\":{\"@id\":\"https:\\\/\\\/equitystory.ai\\\/en\\\/#website\"},\"primaryImageOfPage\":{\"@id\":\"https:\\\/\\\/equitystory.ai\\\/en\\\/andreas-woelfl\\\/#primaryimage\"},\"image\":{\"@id\":\"https:\\\/\\\/equitystory.ai\\\/en\\\/andreas-woelfl\\\/#primaryimage\"},\"thumbnailUrl\":\"https:\\\/\\\/equitystory.ai\\\/wp-content\\\/uploads\\\/2026\\\/01\\\/Equitystory-Andreas-Woelfl-Featured.jpg\",\"datePublished\":\"2025-11-13T16:55:45+00:00\",\"dateModified\":\"2026-01-16T15:13:31+00:00\",\"description\":\"Andreas Woelfl is an investment analyst, deep-dive expert & founder of iMaps Capital & EquityStory.ai with a focus on equity analysis for professionals.\",\"breadcrumb\":{\"@id\":\"https:\\\/\\\/equitystory.ai\\\/en\\\/andreas-woelfl\\\/#breadcrumb\"},\"inLanguage\":\"en-US\",\"potentialAction\":[{\"@type\":\"ReadAction\",\"target\":[\"https:\\\/\\\/equitystory.ai\\\/en\\\/andreas-woelfl\\\/\"]}]},{\"@type\":\"ImageObject\",\"inLanguage\":\"en-US\",\"@id\":\"https:\\\/\\\/equitystory.ai\\\/en\\\/andreas-woelfl\\\/#primaryimage\",\"url\":\"https:\\\/\\\/equitystory.ai\\\/wp-content\\\/uploads\\\/2026\\\/01\\\/Equitystory-Andreas-Woelfl-Featured.jpg\",\"contentUrl\":\"https:\\\/\\\/equitystory.ai\\\/wp-content\\\/uploads\\\/2026\\\/01\\\/Equitystory-Andreas-Woelfl-Featured.jpg\",\"width\":1200,\"height\":675,\"caption\":\"Equitystory Andreas Woelfl\"},{\"@type\":\"BreadcrumbList\",\"@id\":\"https:\\\/\\\/equitystory.ai\\\/en\\\/andreas-woelfl\\\/#breadcrumb\",\"itemListElement\":[{\"@type\":\"ListItem\",\"position\":1,\"name\":\"Startseite\",\"item\":\"https:\\\/\\\/equitystory.ai\\\/en\\\/equitystory\\\/\"},{\"@type\":\"ListItem\",\"position\":2,\"name\":\"Andreas Woelfl\"}]},{\"@type\":\"WebSite\",\"@id\":\"https:\\\/\\\/equitystory.ai\\\/en\\\/#website\",\"url\":\"https:\\\/\\\/equitystory.ai\\\/en\\\/\",\"name\":\"Equity Story | Andreas W\u00f6lfl\",\"description\":\"Andreas W\u00f6lfl pr\u00e4sentiert neue Aktien und spannende Investments\",\"publisher\":{\"@id\":\"https:\\\/\\\/equitystory.ai\\\/en\\\/#\\\/schema\\\/person\\\/9357215da37300bb586e1a29bf35c819\"},\"potentialAction\":[{\"@type\":\"SearchAction\",\"target\":{\"@type\":\"EntryPoint\",\"urlTemplate\":\"https:\\\/\\\/equitystory.ai\\\/en\\\/?s={search_term_string}\"},\"query-input\":{\"@type\":\"PropertyValueSpecification\",\"valueRequired\":true,\"valueName\":\"search_term_string\"}}],\"inLanguage\":\"en-US\"},{\"@type\":[\"Person\",\"Organization\"],\"@id\":\"https:\\\/\\\/equitystory.ai\\\/en\\\/#\\\/schema\\\/person\\\/9357215da37300bb586e1a29bf35c819\",\"name\":\"Andreas W\u00f6lfl\",\"image\":{\"@type\":\"ImageObject\",\"inLanguage\":\"en-US\",\"@id\":\"https:\\\/\\\/equitystory.ai\\\/wp-content\\\/uploads\\\/2025\\\/11\\\/Equity-Story-Logo.svg\",\"url\":\"https:\\\/\\\/equitystory.ai\\\/wp-content\\\/uploads\\\/2025\\\/11\\\/Equity-Story-Logo.svg\",\"contentUrl\":\"https:\\\/\\\/equitystory.ai\\\/wp-content\\\/uploads\\\/2025\\\/11\\\/Equity-Story-Logo.svg\",\"width\":600,\"height\":187,\"caption\":\"Andreas W\u00f6lfl\"},\"logo\":{\"@id\":\"https:\\\/\\\/equitystory.ai\\\/wp-content\\\/uploads\\\/2025\\\/11\\\/Equity-Story-Logo.svg\"},\"description\":\"Andreas W\u00f6lfl gilt als einer der f\u00fchrenden K\u00f6pfe und Wegbereiter der europ\u00e4ischen Landschaft f\u00fcr aktiv gemanagte Exchange Traded Products (ETPs). Als Gr\u00fcnder und Verwaltungsratspr\u00e4sident der iMaps Capital Markets Group hat er die Art und Weise, wie Asset Manager Anlagestrategien verbriefen und handelbar machen, massgeblich revolutioniert.\"}]}<\/script>\n<!-- \/ Yoast SEO plugin. -->","yoast_head_json":{"title":"Andreas Woelfl - Analyst & Founder of iMaps Capital Markets","description":"Andreas Woelfl is an investment analyst, deep-dive expert & founder of iMaps Capital & EquityStory.ai with a focus on equity analysis for professionals.","robots":{"index":"index","follow":"follow","max-snippet":"max-snippet:-1","max-image-preview":"max-image-preview:large","max-video-preview":"max-video-preview:-1"},"canonical":"https:\/\/equitystory.ai\/en\/andreas-woelfl\/","og_locale":"en_US","og_type":"article","og_title":"Andreas Woelfl - Analyst & Founder of iMaps Capital Markets","og_description":"Equity analyst, author and founder of EquityStory.ai with a focus on in-depth company analyses.","og_url":"https:\/\/equitystory.ai\/en\/andreas-woelfl\/","og_site_name":"Equity Story","article_modified_time":"2026-01-16T15:13:31+00:00","og_image":[{"url":"https:\/\/equitystory.ai\/wp-content\/uploads\/2026\/01\/Equitystory-Andreas-Woelfl-Featured-1024x576.jpg","type":"","width":"","height":""}],"twitter_card":"summary_large_image","twitter_misc":{"Est. reading time":"3 minutes"},"schema":{"@context":"https:\/\/schema.org","@graph":[{"@type":"WebPage","@id":"https:\/\/equitystory.ai\/en\/andreas-woelfl\/","url":"https:\/\/equitystory.ai\/en\/andreas-woelfl\/","name":"Andreas Woelfl - Analyst & Founder of iMaps Capital Markets","isPartOf":{"@id":"https:\/\/equitystory.ai\/en\/#website"},"primaryImageOfPage":{"@id":"https:\/\/equitystory.ai\/en\/andreas-woelfl\/#primaryimage"},"image":{"@id":"https:\/\/equitystory.ai\/en\/andreas-woelfl\/#primaryimage"},"thumbnailUrl":"https:\/\/equitystory.ai\/wp-content\/uploads\/2026\/01\/Equitystory-Andreas-Woelfl-Featured.jpg","datePublished":"2025-11-13T16:55:45+00:00","dateModified":"2026-01-16T15:13:31+00:00","description":"Andreas Woelfl is an investment analyst, deep-dive expert & founder of iMaps Capital & EquityStory.ai with a focus on equity analysis for professionals.","breadcrumb":{"@id":"https:\/\/equitystory.ai\/en\/andreas-woelfl\/#breadcrumb"},"inLanguage":"en-US","potentialAction":[{"@type":"ReadAction","target":["https:\/\/equitystory.ai\/en\/andreas-woelfl\/"]}]},{"@type":"ImageObject","inLanguage":"en-US","@id":"https:\/\/equitystory.ai\/en\/andreas-woelfl\/#primaryimage","url":"https:\/\/equitystory.ai\/wp-content\/uploads\/2026\/01\/Equitystory-Andreas-Woelfl-Featured.jpg","contentUrl":"https:\/\/equitystory.ai\/wp-content\/uploads\/2026\/01\/Equitystory-Andreas-Woelfl-Featured.jpg","width":1200,"height":675,"caption":"Equitystory Andreas Woelfl"},{"@type":"BreadcrumbList","@id":"https:\/\/equitystory.ai\/en\/andreas-woelfl\/#breadcrumb","itemListElement":[{"@type":"ListItem","position":1,"name":"Startseite","item":"https:\/\/equitystory.ai\/en\/equitystory\/"},{"@type":"ListItem","position":2,"name":"Andreas Woelfl"}]},{"@type":"WebSite","@id":"https:\/\/equitystory.ai\/en\/#website","url":"https:\/\/equitystory.ai\/en\/","name":"Equity Story | Andreas W\u00f6lfl","description":"Andreas W\u00f6lfl pr\u00e4sentiert neue Aktien und spannende Investments","publisher":{"@id":"https:\/\/equitystory.ai\/en\/#\/schema\/person\/9357215da37300bb586e1a29bf35c819"},"potentialAction":[{"@type":"SearchAction","target":{"@type":"EntryPoint","urlTemplate":"https:\/\/equitystory.ai\/en\/?s={search_term_string}"},"query-input":{"@type":"PropertyValueSpecification","valueRequired":true,"valueName":"search_term_string"}}],"inLanguage":"en-US"},{"@type":["Person","Organization"],"@id":"https:\/\/equitystory.ai\/en\/#\/schema\/person\/9357215da37300bb586e1a29bf35c819","name":"Andreas W\u00f6lfl","image":{"@type":"ImageObject","inLanguage":"en-US","@id":"https:\/\/equitystory.ai\/wp-content\/uploads\/2025\/11\/Equity-Story-Logo.svg","url":"https:\/\/equitystory.ai\/wp-content\/uploads\/2025\/11\/Equity-Story-Logo.svg","contentUrl":"https:\/\/equitystory.ai\/wp-content\/uploads\/2025\/11\/Equity-Story-Logo.svg","width":600,"height":187,"caption":"Andreas W\u00f6lfl"},"logo":{"@id":"https:\/\/equitystory.ai\/wp-content\/uploads\/2025\/11\/Equity-Story-Logo.svg"},"description":"Andreas W\u00f6lfl gilt als einer der f\u00fchrenden K\u00f6pfe und Wegbereiter der europ\u00e4ischen Landschaft f\u00fcr aktiv gemanagte Exchange Traded Products (ETPs). Als Gr\u00fcnder und Verwaltungsratspr\u00e4sident der iMaps Capital Markets Group hat er die Art und Weise, wie Asset Manager Anlagestrategien verbriefen und handelbar machen, massgeblich revolutioniert."}]}},"_links":{"self":[{"href":"https:\/\/equitystory.ai\/en\/wp-json\/wp\/v2\/pages\/291","targetHints":{"allow":["GET"]}}],"collection":[{"href":"https:\/\/equitystory.ai\/en\/wp-json\/wp\/v2\/pages"}],"about":[{"href":"https:\/\/equitystory.ai\/en\/wp-json\/wp\/v2\/types\/page"}],"author":[{"embeddable":true,"href":"https:\/\/equitystory.ai\/en\/wp-json\/wp\/v2\/users\/1"}],"replies":[{"embeddable":true,"href":"https:\/\/equitystory.ai\/en\/wp-json\/wp\/v2\/comments?post=291"}],"version-history":[{"count":13,"href":"https:\/\/equitystory.ai\/en\/wp-json\/wp\/v2\/pages\/291\/revisions"}],"predecessor-version":[{"id":620,"href":"https:\/\/equitystory.ai\/en\/wp-json\/wp\/v2\/pages\/291\/revisions\/620"}],"wp:featuredmedia":[{"embeddable":true,"href":"https:\/\/equitystory.ai\/en\/wp-json\/wp\/v2\/media\/615"}],"wp:attachment":[{"href":"https:\/\/equitystory.ai\/en\/wp-json\/wp\/v2\/media?parent=291"}],"curies":[{"name":"wp","href":"https:\/\/api.w.org\/{rel}","templated":true}]}}