{"id":328,"date":"2025-11-13T22:28:42","date_gmt":"2025-11-13T21:28:42","guid":{"rendered":"https:\/\/equitystory.ai\/imprint\/"},"modified":"2026-01-16T16:15:07","modified_gmt":"2026-01-16T15:15:07","slug":"imprint","status":"publish","type":"page","link":"https:\/\/equitystory.ai\/en\/imprint\/","title":{"rendered":"Imprint"},"content":{"rendered":"\t\t<div data-elementor-type=\"wp-page\" data-elementor-id=\"328\" class=\"elementor elementor-328 elementor-326\" data-elementor-post-type=\"page\">\n\t\t\t\t<div class=\"elementor-element elementor-element-b7f8f81 e-flex e-con-boxed e-con e-parent\" data-id=\"b7f8f81\" data-element_type=\"container\" data-e-type=\"container\">\n\t\t\t\t\t<div class=\"e-con-inner\">\n\t\t\t\t<div class=\"elementor-element elementor-element-df33237 elementor-widget elementor-widget-heading\" data-id=\"df33237\" data-element_type=\"widget\" data-e-type=\"widget\" data-widget_type=\"heading.default\">\n\t\t\t\t\t<h1 class=\"elementor-heading-title elementor-size-default\">Imprint<\/h1>\t\t\t\t<\/div>\n\t\t\t\t<div class=\"elementor-element elementor-element-59f9fca elementor-widget elementor-widget-text-editor\" data-id=\"59f9fca\" data-element_type=\"widget\" data-e-type=\"widget\" data-widget_type=\"text-editor.default\">\n\t\t\t\t\t\t\t\t\t<p>The following information serves to identify the provider of this online offer in accordance with the applicable statutory information requirements for companies based in the Principality of Liechtenstein. It contains the essential information on the identity and accessibility of the provider. <\/p>\t\t\t\t\t\t\t\t<\/div>\n\t\t\t\t<div class=\"elementor-element elementor-element-1d8914b elementor-widget elementor-widget-shortcode\" data-id=\"1d8914b\" data-element_type=\"widget\" data-e-type=\"widget\" data-widget_type=\"shortcode.default\">\n\t\t\t\t\t\t\t<div class=\"elementor-shortcode\">\n<table id=\"tablepress-7\" class=\"tablepress tablepress-id-7 impressum\">\n<tbody>\n<tr class=\"row-1\">\n\t<td class=\"column-1\">Firmenname<\/td><td class=\"column-2\">iMaps Capital Anstalt<\/td>\n<\/tr>\n<tr class=\"row-2\">\n\t<td class=\"column-1\">Rechtsform<\/td><td class=\"column-2\">Anstalt<\/td>\n<\/tr>\n<tr class=\"row-3\">\n\t<td class=\"column-1\">Sitz<\/td><td class=\"column-2\">Im alten Riet 102, 9494 Schaan, F\u00fcrstentum Liechtenstein<\/td>\n<\/tr>\n<tr class=\"row-4\">\n\t<td class=\"column-1\">E-Mail<\/td><td class=\"column-2\">andreas@imaps-capital.com<\/td>\n<\/tr>\n<tr class=\"row-5\">\n\t<td class=\"column-1\">Vertretung<\/td><td class=\"column-2\">Andreas W\u00f6lfl,<br \/>\nJeffrey Alldis<\/td>\n<\/tr>\n<tr class=\"row-6\">\n\t<td class=\"column-1\">Handelsregister<\/td><td class=\"column-2\">Amt f\u00fcr Justiz Liechtenstein<\/td>\n<\/tr>\n<tr class=\"row-7\">\n\t<td class=\"column-1\">Registernummer<\/td><td class=\"column-2\">FL-0002.750.006-4<\/td>\n<\/tr>\n<\/tbody>\n<\/table>\n<!-- #tablepress-7 from cache --><\/div>\n\t\t\t\t\t\t<\/div>\n\t\t\t\t<div class=\"elementor-element elementor-element-27ff98f elementor-widget elementor-widget-text-editor\" data-id=\"27ff98f\" data-element_type=\"widget\" data-e-type=\"widget\" data-widget_type=\"text-editor.default\">\n\t\t\t\t\t\t\t\t\t<h2 class=\"p1\">Content orientation<b><\/b><\/h2><p class=\"p2\">This blog is aimed at professional market participants, asset managers and financial experts and is intended solely to provide general information on financial markets and companies.<\/p><h2 class=\"p1\">Legal notice \/ Disclaimer<b><\/b><\/h2><p class=\"p2\">The content provided on this website does not constitute a financial analysis as defined by law or a recommendation to buy or sell financial instruments. All information is for general, non-commercial information purposes only. <\/p><p class=\"p2\">They are no substitute for individual investment advice from a qualified professional. Despite careful research, no guarantee is given for the accuracy, completeness or timeliness of the information. Any liability for material or immaterial damage resulting from the use of the published information is excluded.  <\/p><p class=\"p2\">The operator may itself hold positions in the securities mentioned.<\/p>\t\t\t\t\t\t\t\t<\/div>\n\t\t\t\t\t<\/div>\n\t\t\t\t<\/div>\n\t\t\t\t<\/div>\n\t\t","protected":false},"excerpt":{"rendered":"<p>Imprint The following information serves to identify the provider of this online offer in accordance with the applicable statutory information requirements for companies based in the Principality of Liechtenstein. It contains the essential information on the identity and accessibility of the provider. Content orientation This blog is aimed at professional market participants, asset managers and [&hellip;]<\/p>\n","protected":false},"author":1,"featured_media":0,"parent":0,"menu_order":0,"comment_status":"closed","ping_status":"closed","template":"","meta":{"footnotes":""},"class_list":["post-328","page","type-page","status-publish","hentry"],"yoast_head":"<!-- This site is optimized with the Yoast SEO plugin v27.3 - https:\/\/yoast.com\/product\/yoast-seo-wordpress\/ -->\n<title>Imprint - Equity Story<\/title>\n<meta name=\"robots\" content=\"index, follow, max-snippet:-1, max-image-preview:large, max-video-preview:-1\" \/>\n<link rel=\"canonical\" href=\"https:\/\/equitystory.ai\/en\/imprint\/\" \/>\n<meta property=\"og:locale\" content=\"en_US\" \/>\n<meta property=\"og:type\" content=\"article\" \/>\n<meta property=\"og:title\" content=\"Imprint - Equity Story\" \/>\n<meta property=\"og:description\" content=\"Imprint The following information serves to identify the provider of this online offer in accordance with the applicable statutory information requirements for companies based in the Principality of Liechtenstein. It contains the essential information on the identity and accessibility of the provider. Content orientation This blog is aimed at professional market participants, asset managers and [&hellip;]\" \/>\n<meta property=\"og:url\" content=\"https:\/\/equitystory.ai\/en\/imprint\/\" \/>\n<meta property=\"og:site_name\" content=\"Equity Story\" \/>\n<meta property=\"article:modified_time\" content=\"2026-01-16T15:15:07+00:00\" \/>\n<meta name=\"twitter:card\" content=\"summary_large_image\" \/>\n<meta name=\"twitter:label1\" content=\"Est. reading time\" \/>\n\t<meta name=\"twitter:data1\" content=\"1 minute\" \/>\n<script type=\"application\/ld+json\" class=\"yoast-schema-graph\">{\"@context\":\"https:\\\/\\\/schema.org\",\"@graph\":[{\"@type\":\"WebPage\",\"@id\":\"https:\\\/\\\/equitystory.ai\\\/en\\\/imprint\\\/\",\"url\":\"https:\\\/\\\/equitystory.ai\\\/en\\\/imprint\\\/\",\"name\":\"Imprint - Equity Story\",\"isPartOf\":{\"@id\":\"https:\\\/\\\/equitystory.ai\\\/en\\\/#website\"},\"datePublished\":\"2025-11-13T21:28:42+00:00\",\"dateModified\":\"2026-01-16T15:15:07+00:00\",\"breadcrumb\":{\"@id\":\"https:\\\/\\\/equitystory.ai\\\/en\\\/imprint\\\/#breadcrumb\"},\"inLanguage\":\"en-US\",\"potentialAction\":[{\"@type\":\"ReadAction\",\"target\":[\"https:\\\/\\\/equitystory.ai\\\/en\\\/imprint\\\/\"]}]},{\"@type\":\"BreadcrumbList\",\"@id\":\"https:\\\/\\\/equitystory.ai\\\/en\\\/imprint\\\/#breadcrumb\",\"itemListElement\":[{\"@type\":\"ListItem\",\"position\":1,\"name\":\"Startseite\",\"item\":\"https:\\\/\\\/equitystory.ai\\\/en\\\/equitystory\\\/\"},{\"@type\":\"ListItem\",\"position\":2,\"name\":\"Imprint\"}]},{\"@type\":\"WebSite\",\"@id\":\"https:\\\/\\\/equitystory.ai\\\/en\\\/#website\",\"url\":\"https:\\\/\\\/equitystory.ai\\\/en\\\/\",\"name\":\"Equity Story | Andreas W\u00f6lfl\",\"description\":\"Andreas W\u00f6lfl pr\u00e4sentiert neue Aktien und spannende Investments\",\"publisher\":{\"@id\":\"https:\\\/\\\/equitystory.ai\\\/en\\\/#\\\/schema\\\/person\\\/9357215da37300bb586e1a29bf35c819\"},\"potentialAction\":[{\"@type\":\"SearchAction\",\"target\":{\"@type\":\"EntryPoint\",\"urlTemplate\":\"https:\\\/\\\/equitystory.ai\\\/en\\\/?s={search_term_string}\"},\"query-input\":{\"@type\":\"PropertyValueSpecification\",\"valueRequired\":true,\"valueName\":\"search_term_string\"}}],\"inLanguage\":\"en-US\"},{\"@type\":[\"Person\",\"Organization\"],\"@id\":\"https:\\\/\\\/equitystory.ai\\\/en\\\/#\\\/schema\\\/person\\\/9357215da37300bb586e1a29bf35c819\",\"name\":\"Andreas W\u00f6lfl\",\"image\":{\"@type\":\"ImageObject\",\"inLanguage\":\"en-US\",\"@id\":\"https:\\\/\\\/equitystory.ai\\\/wp-content\\\/uploads\\\/2025\\\/11\\\/Equity-Story-Logo.svg\",\"url\":\"https:\\\/\\\/equitystory.ai\\\/wp-content\\\/uploads\\\/2025\\\/11\\\/Equity-Story-Logo.svg\",\"contentUrl\":\"https:\\\/\\\/equitystory.ai\\\/wp-content\\\/uploads\\\/2025\\\/11\\\/Equity-Story-Logo.svg\",\"width\":600,\"height\":187,\"caption\":\"Andreas W\u00f6lfl\"},\"logo\":{\"@id\":\"https:\\\/\\\/equitystory.ai\\\/wp-content\\\/uploads\\\/2025\\\/11\\\/Equity-Story-Logo.svg\"},\"description\":\"Andreas W\u00f6lfl gilt als einer der f\u00fchrenden K\u00f6pfe und Wegbereiter der europ\u00e4ischen Landschaft f\u00fcr aktiv gemanagte Exchange Traded Products (ETPs). Als Gr\u00fcnder und Verwaltungsratspr\u00e4sident der iMaps Capital Markets Group hat er die Art und Weise, wie Asset Manager Anlagestrategien verbriefen und handelbar machen, massgeblich revolutioniert.\"}]}<\/script>\n<!-- \/ Yoast SEO plugin. -->","yoast_head_json":{"title":"Imprint - Equity Story","robots":{"index":"index","follow":"follow","max-snippet":"max-snippet:-1","max-image-preview":"max-image-preview:large","max-video-preview":"max-video-preview:-1"},"canonical":"https:\/\/equitystory.ai\/en\/imprint\/","og_locale":"en_US","og_type":"article","og_title":"Imprint - Equity Story","og_description":"Imprint The following information serves to identify the provider of this online offer in accordance with the applicable statutory information requirements for companies based in the Principality of Liechtenstein. It contains the essential information on the identity and accessibility of the provider. Content orientation This blog is aimed at professional market participants, asset managers and [&hellip;]","og_url":"https:\/\/equitystory.ai\/en\/imprint\/","og_site_name":"Equity Story","article_modified_time":"2026-01-16T15:15:07+00:00","twitter_card":"summary_large_image","twitter_misc":{"Est. reading time":"1 minute"},"schema":{"@context":"https:\/\/schema.org","@graph":[{"@type":"WebPage","@id":"https:\/\/equitystory.ai\/en\/imprint\/","url":"https:\/\/equitystory.ai\/en\/imprint\/","name":"Imprint - Equity Story","isPartOf":{"@id":"https:\/\/equitystory.ai\/en\/#website"},"datePublished":"2025-11-13T21:28:42+00:00","dateModified":"2026-01-16T15:15:07+00:00","breadcrumb":{"@id":"https:\/\/equitystory.ai\/en\/imprint\/#breadcrumb"},"inLanguage":"en-US","potentialAction":[{"@type":"ReadAction","target":["https:\/\/equitystory.ai\/en\/imprint\/"]}]},{"@type":"BreadcrumbList","@id":"https:\/\/equitystory.ai\/en\/imprint\/#breadcrumb","itemListElement":[{"@type":"ListItem","position":1,"name":"Startseite","item":"https:\/\/equitystory.ai\/en\/equitystory\/"},{"@type":"ListItem","position":2,"name":"Imprint"}]},{"@type":"WebSite","@id":"https:\/\/equitystory.ai\/en\/#website","url":"https:\/\/equitystory.ai\/en\/","name":"Equity Story | Andreas W\u00f6lfl","description":"Andreas W\u00f6lfl pr\u00e4sentiert neue Aktien und spannende Investments","publisher":{"@id":"https:\/\/equitystory.ai\/en\/#\/schema\/person\/9357215da37300bb586e1a29bf35c819"},"potentialAction":[{"@type":"SearchAction","target":{"@type":"EntryPoint","urlTemplate":"https:\/\/equitystory.ai\/en\/?s={search_term_string}"},"query-input":{"@type":"PropertyValueSpecification","valueRequired":true,"valueName":"search_term_string"}}],"inLanguage":"en-US"},{"@type":["Person","Organization"],"@id":"https:\/\/equitystory.ai\/en\/#\/schema\/person\/9357215da37300bb586e1a29bf35c819","name":"Andreas W\u00f6lfl","image":{"@type":"ImageObject","inLanguage":"en-US","@id":"https:\/\/equitystory.ai\/wp-content\/uploads\/2025\/11\/Equity-Story-Logo.svg","url":"https:\/\/equitystory.ai\/wp-content\/uploads\/2025\/11\/Equity-Story-Logo.svg","contentUrl":"https:\/\/equitystory.ai\/wp-content\/uploads\/2025\/11\/Equity-Story-Logo.svg","width":600,"height":187,"caption":"Andreas W\u00f6lfl"},"logo":{"@id":"https:\/\/equitystory.ai\/wp-content\/uploads\/2025\/11\/Equity-Story-Logo.svg"},"description":"Andreas W\u00f6lfl gilt als einer der f\u00fchrenden K\u00f6pfe und Wegbereiter der europ\u00e4ischen Landschaft f\u00fcr aktiv gemanagte Exchange Traded Products (ETPs). Als Gr\u00fcnder und Verwaltungsratspr\u00e4sident der iMaps Capital Markets Group hat er die Art und Weise, wie Asset Manager Anlagestrategien verbriefen und handelbar machen, massgeblich revolutioniert."}]}},"_links":{"self":[{"href":"https:\/\/equitystory.ai\/en\/wp-json\/wp\/v2\/pages\/328","targetHints":{"allow":["GET"]}}],"collection":[{"href":"https:\/\/equitystory.ai\/en\/wp-json\/wp\/v2\/pages"}],"about":[{"href":"https:\/\/equitystory.ai\/en\/wp-json\/wp\/v2\/types\/page"}],"author":[{"embeddable":true,"href":"https:\/\/equitystory.ai\/en\/wp-json\/wp\/v2\/users\/1"}],"replies":[{"embeddable":true,"href":"https:\/\/equitystory.ai\/en\/wp-json\/wp\/v2\/comments?post=328"}],"version-history":[{"count":4,"href":"https:\/\/equitystory.ai\/en\/wp-json\/wp\/v2\/pages\/328\/revisions"}],"predecessor-version":[{"id":463,"href":"https:\/\/equitystory.ai\/en\/wp-json\/wp\/v2\/pages\/328\/revisions\/463"}],"wp:attachment":[{"href":"https:\/\/equitystory.ai\/en\/wp-json\/wp\/v2\/media?parent=328"}],"curies":[{"name":"wp","href":"https:\/\/api.w.org\/{rel}","templated":true}]}}